{"id":413,"date":"2025-05-31T12:45:41","date_gmt":"2025-05-31T15:45:41","guid":{"rendered":"https:\/\/amx-solutions.com\/index.php\/produto\/amx64s1\/"},"modified":"2025-07-08T21:46:19","modified_gmt":"2025-07-09T00:46:19","slug":"amx64s1","status":"publish","type":"product","link":"https:\/\/amx-solutions.com\/es\/producto\/amx64s1\/","title":{"rendered":"AMX64S1"},"content":{"rendered":"<p>O AMX64S1 foi projetado especificamente para eliminar pontos cegos. Possui um campo de vis\u00e3o ultra amplo de 180\u00b0 x 40\u00b0, com precis\u00e3o de medi\u00e7\u00e3o de \u00b13 cm. Ele pode identificar obst\u00e1culos \u00e0 efici\u00eancia em um curto alcance e proporcionam uma percep\u00e7\u00e3o precisa do ambiente para os pontos cegos de ve\u00edculos, rob\u00f4s e AGVs.<\/p>","protected":false},"excerpt":{"rendered":"<p>Detecci\u00f3n de punto ciego con amplio campo de visi\u00f3n mediante tecnolog\u00eda LiDAR.<\/p>","protected":false},"featured_media":435,"comment_status":"open","ping_status":"closed","template":"","meta":[],"product_brand":[54],"product_cat":[48],"product_tag":[51,49,50],"class_list":{"0":"post-413","1":"product","2":"type-product","3":"status-publish","4":"has-post-thumbnail","6":"product_brand-amx","7":"product_cat-lidar","8":"product_tag-agv","9":"product_tag-lidar","10":"product_tag-radar-laser","12":"first","13":"instock","14":"shipping-taxable","15":"product-type-simple"},"_links":{"self":[{"href":"https:\/\/amx-solutions.com\/es\/wp-json\/wp\/v2\/product\/413","targetHints":{"allow":["GET"]}}],"collection":[{"href":"https:\/\/amx-solutions.com\/es\/wp-json\/wp\/v2\/product"}],"about":[{"href":"https:\/\/amx-solutions.com\/es\/wp-json\/wp\/v2\/types\/product"}],"replies":[{"embeddable":true,"href":"https:\/\/amx-solutions.com\/es\/wp-json\/wp\/v2\/comments?post=413"}],"wp:featuredmedia":[{"embeddable":true,"href":"https:\/\/amx-solutions.com\/es\/wp-json\/wp\/v2\/media\/435"}],"wp:attachment":[{"href":"https:\/\/amx-solutions.com\/es\/wp-json\/wp\/v2\/media?parent=413"}],"wp:term":[{"taxonomy":"product_brand","embeddable":true,"href":"https:\/\/amx-solutions.com\/es\/wp-json\/wp\/v2\/product_brand?post=413"},{"taxonomy":"product_cat","embeddable":true,"href":"https:\/\/amx-solutions.com\/es\/wp-json\/wp\/v2\/product_cat?post=413"},{"taxonomy":"product_tag","embeddable":true,"href":"https:\/\/amx-solutions.com\/es\/wp-json\/wp\/v2\/product_tag?post=413"}],"curies":[{"name":"wp","href":"https:\/\/api.w.org\/{rel}","templated":true}]}}