{"id":411,"date":"2025-05-31T12:45:40","date_gmt":"2025-05-31T15:45:40","guid":{"rendered":"https:\/\/amx-solutions.com\/index.php\/produto\/at31-camera-termica-com-foco-motorizado\/"},"modified":"2025-05-31T14:34:15","modified_gmt":"2025-05-31T17:34:15","slug":"at31-camera-termica-com-foco-motorizado","status":"publish","type":"product","link":"https:\/\/amx-solutions.com\/es\/producto\/at31-camera-termica-com-foco-motorizado\/","title":{"rendered":"AT31 \u2013 C\u00e1mara T\u00e9rmica con Enfoque Motorizado"},"content":{"rendered":"<p>La AT31 es una c\u00e1mara t\u00e9rmica de enfoque el\u00e9ctrico de alto rendimiento y alta precisi\u00f3n, con detector infrarrojo FPA no refrigerado y m\u00faltiples opciones de lentes. El dispositivo es compatible con diversos protocolos como RTSP, ONVIF y GB28181. Est\u00e1 equipada con software profesional de an\u00e1lisis de medici\u00f3n de temperatura y SDK que facilitan la integraci\u00f3n del sistema. Es adecuada para el monitoreo de temperatura y generaci\u00f3n de im\u00e1genes en circuitos electr\u00f3nicos, investigaci\u00f3n cient\u00edfica,<br \/>\nautoma\u00e7\u00e3o industrial e outros campos de aplica\u00e7\u00e3o.<\/p>","protected":false},"excerpt":{"rendered":"<p>C\u00e1mara t\u00e9rmica de alto rendimiento y alta precisi\u00f3n con enfoque el\u00e9ctrico.<\/p>","protected":false},"featured_media":440,"comment_status":"open","ping_status":"closed","template":"","meta":[],"product_brand":[54],"product_cat":[27],"product_tag":[47],"class_list":{"0":"post-411","1":"product","2":"type-product","3":"status-publish","4":"has-post-thumbnail","6":"product_brand-amx","7":"product_cat-cameras-termicas","8":"product_tag-camera-termica-fixa","10":"first","11":"instock","12":"shipping-taxable","13":"product-type-simple"},"_links":{"self":[{"href":"https:\/\/amx-solutions.com\/es\/wp-json\/wp\/v2\/product\/411","targetHints":{"allow":["GET"]}}],"collection":[{"href":"https:\/\/amx-solutions.com\/es\/wp-json\/wp\/v2\/product"}],"about":[{"href":"https:\/\/amx-solutions.com\/es\/wp-json\/wp\/v2\/types\/product"}],"replies":[{"embeddable":true,"href":"https:\/\/amx-solutions.com\/es\/wp-json\/wp\/v2\/comments?post=411"}],"wp:featuredmedia":[{"embeddable":true,"href":"https:\/\/amx-solutions.com\/es\/wp-json\/wp\/v2\/media\/440"}],"wp:attachment":[{"href":"https:\/\/amx-solutions.com\/es\/wp-json\/wp\/v2\/media?parent=411"}],"wp:term":[{"taxonomy":"product_brand","embeddable":true,"href":"https:\/\/amx-solutions.com\/es\/wp-json\/wp\/v2\/product_brand?post=411"},{"taxonomy":"product_cat","embeddable":true,"href":"https:\/\/amx-solutions.com\/es\/wp-json\/wp\/v2\/product_cat?post=411"},{"taxonomy":"product_tag","embeddable":true,"href":"https:\/\/amx-solutions.com\/es\/wp-json\/wp\/v2\/product_tag?post=411"}],"curies":[{"name":"wp","href":"https:\/\/api.w.org\/{rel}","templated":true}]}}