{"id":410,"date":"2025-05-31T12:45:39","date_gmt":"2025-05-31T15:45:39","guid":{"rendered":"https:\/\/amx-solutions.com\/index.php\/produto\/rs600-camera-termica-topo-de-linha\/"},"modified":"2025-05-31T14:41:03","modified_gmt":"2025-05-31T17:41:03","slug":"rs600-camera-termica-topo-de-linha","status":"publish","type":"product","link":"https:\/\/amx-solutions.com\/es\/producto\/rs600-camera-termica-topo-de-linha\/","title":{"rendered":"RS600 \u2013 C\u00e1mara T\u00e9rmica de Alta Gama"},"content":{"rendered":"<p>Equipada con un detector de 12\u202f\u03bcm de nueva generaci\u00f3n con sensibilidad t\u00e9rmica de hasta 25\u202fmK, la c\u00e1mara t\u00e9rmica RS600 ofrece im\u00e1genes t\u00e9rmicas m\u00e1s precisas y detalladas. Basada en el sistema operativo Android y hardware inteligente integrado, permite m\u00faltiples funciones profesionales e inteligentes como an\u00e1lisis de tendencias, lente con diafragma variable, 25 puntos, l\u00edneas y \u00e1reas de medici\u00f3n, congelamiento de imagen, estabilizaci\u00f3n inteligente de imagen (EIS) y pantalla t\u00e1ctil de 5,5 pulgadas.<\/p>\n<p>&nbsp;<\/p>\n<p>&nbsp;<\/p>","protected":false},"excerpt":{"rendered":"<p>Im\u00e1genes t\u00e9rmicas n\u00edtidas, variedad de lentes y enfoque r\u00e1pido con an\u00e1lisis inteligente.<\/p>","protected":false},"featured_media":444,"comment_status":"open","ping_status":"closed","template":"","meta":[],"product_brand":[29],"product_cat":[27],"product_tag":[46],"class_list":{"0":"post-410","1":"product","2":"type-product","3":"status-publish","4":"has-post-thumbnail","6":"product_brand-raythink","7":"product_cat-cameras-termicas","8":"product_tag-camera-termica-portatil","10":"first","11":"instock","12":"shipping-taxable","13":"product-type-simple"},"_links":{"self":[{"href":"https:\/\/amx-solutions.com\/es\/wp-json\/wp\/v2\/product\/410","targetHints":{"allow":["GET"]}}],"collection":[{"href":"https:\/\/amx-solutions.com\/es\/wp-json\/wp\/v2\/product"}],"about":[{"href":"https:\/\/amx-solutions.com\/es\/wp-json\/wp\/v2\/types\/product"}],"replies":[{"embeddable":true,"href":"https:\/\/amx-solutions.com\/es\/wp-json\/wp\/v2\/comments?post=410"}],"wp:featuredmedia":[{"embeddable":true,"href":"https:\/\/amx-solutions.com\/es\/wp-json\/wp\/v2\/media\/444"}],"wp:attachment":[{"href":"https:\/\/amx-solutions.com\/es\/wp-json\/wp\/v2\/media?parent=410"}],"wp:term":[{"taxonomy":"product_brand","embeddable":true,"href":"https:\/\/amx-solutions.com\/es\/wp-json\/wp\/v2\/product_brand?post=410"},{"taxonomy":"product_cat","embeddable":true,"href":"https:\/\/amx-solutions.com\/es\/wp-json\/wp\/v2\/product_cat?post=410"},{"taxonomy":"product_tag","embeddable":true,"href":"https:\/\/amx-solutions.com\/es\/wp-json\/wp\/v2\/product_tag?post=410"}],"curies":[{"name":"wp","href":"https:\/\/api.w.org\/{rel}","templated":true}]}}