{"id":409,"date":"2025-05-31T12:45:39","date_gmt":"2025-05-31T15:45:39","guid":{"rendered":"https:\/\/amx-solutions.com\/index.php\/produto\/cx200-camera-termica-portatil\/"},"modified":"2025-05-31T14:46:08","modified_gmt":"2025-05-31T17:46:08","slug":"cx200-camera-termica-portatil","status":"publish","type":"product","link":"https:\/\/amx-solutions.com\/es\/producto\/cx200-camera-termica-portatil\/","title":{"rendered":"CX200+ C\u00e1mara t\u00e9rmica port\u00e1til"},"content":{"rendered":"<p>C\u00e1mara t\u00e9rmica port\u00e1til con:\n\nImagen+: distingue peque\u00f1as diferencias de temperatura con m\u00e1s detalle\n\nFuncionalidad+: nivel profesional, servicios completos basados en sensores t\u00e9rmicos\n\nRendimiento+: robusta, f\u00e1cil de usar y de r\u00e1pida implementaci\u00f3n\n\nSoftware+: ecosistema de software completo<\/p>","protected":false},"excerpt":{"rendered":"<p>C\u00e1mara t\u00e9rmica profesional que distingue peque\u00f1as diferencias de temperatura y ofrece mayor nivel de detalle.<\/p>","protected":false},"featured_media":449,"comment_status":"open","ping_status":"closed","template":"","meta":[],"product_brand":[29],"product_cat":[27],"product_tag":[46],"class_list":{"0":"post-409","1":"product","2":"type-product","3":"status-publish","4":"has-post-thumbnail","6":"product_brand-raythink","7":"product_cat-cameras-termicas","8":"product_tag-camera-termica-portatil","10":"first","11":"instock","12":"shipping-taxable","13":"product-type-simple"},"_links":{"self":[{"href":"https:\/\/amx-solutions.com\/es\/wp-json\/wp\/v2\/product\/409","targetHints":{"allow":["GET"]}}],"collection":[{"href":"https:\/\/amx-solutions.com\/es\/wp-json\/wp\/v2\/product"}],"about":[{"href":"https:\/\/amx-solutions.com\/es\/wp-json\/wp\/v2\/types\/product"}],"replies":[{"embeddable":true,"href":"https:\/\/amx-solutions.com\/es\/wp-json\/wp\/v2\/comments?post=409"}],"wp:featuredmedia":[{"embeddable":true,"href":"https:\/\/amx-solutions.com\/es\/wp-json\/wp\/v2\/media\/449"}],"wp:attachment":[{"href":"https:\/\/amx-solutions.com\/es\/wp-json\/wp\/v2\/media?parent=409"}],"wp:term":[{"taxonomy":"product_brand","embeddable":true,"href":"https:\/\/amx-solutions.com\/es\/wp-json\/wp\/v2\/product_brand?post=409"},{"taxonomy":"product_cat","embeddable":true,"href":"https:\/\/amx-solutions.com\/es\/wp-json\/wp\/v2\/product_cat?post=409"},{"taxonomy":"product_tag","embeddable":true,"href":"https:\/\/amx-solutions.com\/es\/wp-json\/wp\/v2\/product_tag?post=409"}],"curies":[{"name":"wp","href":"https:\/\/api.w.org\/{rel}","templated":true}]}}