{"id":408,"date":"2025-05-31T12:45:38","date_gmt":"2025-05-31T15:45:38","guid":{"rendered":"https:\/\/amx-solutions.com\/index.php\/produto\/cx200-se-camera-termica-portatil\/"},"modified":"2025-05-31T14:52:45","modified_gmt":"2025-05-31T17:52:45","slug":"cx200-se-camera-termica-portatil","status":"publish","type":"product","link":"https:\/\/amx-solutions.com\/es\/producto\/cx200-se-camera-termica-portatil\/","title":{"rendered":"CX200 SE+ C\u00e1mara t\u00e9rmica port\u00e1til"},"content":{"rendered":"<p>La c\u00e1mara t\u00e9rmica port\u00e1til 200SE+ est\u00e1 equipada con un detector infrarrojo de alta sensibilidad con resoluci\u00f3n de 256\u00d7192, basado en un algoritmo inteligente de imagen. Puede generar im\u00e1genes t\u00e9rmicas m\u00e1s claras y definidas. El producto ha sido completamente actualizado para ofrecer a los usuarios una mejor experiencia.<\/p>","protected":false},"excerpt":{"rendered":"<p>C\u00e1mara t\u00e9rmica port\u00e1til que captura con precisi\u00f3n variaciones de temperatura.<\/p>","protected":false},"featured_media":449,"comment_status":"open","ping_status":"closed","template":"","meta":[],"product_brand":[29],"product_cat":[27],"product_tag":[46],"class_list":{"0":"post-408","1":"product","2":"type-product","3":"status-publish","4":"has-post-thumbnail","6":"product_brand-raythink","7":"product_cat-cameras-termicas","8":"product_tag-camera-termica-portatil","10":"first","11":"instock","12":"shipping-taxable","13":"product-type-simple"},"_links":{"self":[{"href":"https:\/\/amx-solutions.com\/es\/wp-json\/wp\/v2\/product\/408","targetHints":{"allow":["GET"]}}],"collection":[{"href":"https:\/\/amx-solutions.com\/es\/wp-json\/wp\/v2\/product"}],"about":[{"href":"https:\/\/amx-solutions.com\/es\/wp-json\/wp\/v2\/types\/product"}],"replies":[{"embeddable":true,"href":"https:\/\/amx-solutions.com\/es\/wp-json\/wp\/v2\/comments?post=408"}],"wp:featuredmedia":[{"embeddable":true,"href":"https:\/\/amx-solutions.com\/es\/wp-json\/wp\/v2\/media\/449"}],"wp:attachment":[{"href":"https:\/\/amx-solutions.com\/es\/wp-json\/wp\/v2\/media?parent=408"}],"wp:term":[{"taxonomy":"product_brand","embeddable":true,"href":"https:\/\/amx-solutions.com\/es\/wp-json\/wp\/v2\/product_brand?post=408"},{"taxonomy":"product_cat","embeddable":true,"href":"https:\/\/amx-solutions.com\/es\/wp-json\/wp\/v2\/product_cat?post=408"},{"taxonomy":"product_tag","embeddable":true,"href":"https:\/\/amx-solutions.com\/es\/wp-json\/wp\/v2\/product_tag?post=408"}],"curies":[{"name":"wp","href":"https:\/\/api.w.org\/{rel}","templated":true}]}}