{"id":407,"date":"2025-05-31T12:45:37","date_gmt":"2025-05-31T15:45:37","guid":{"rendered":"https:\/\/amx-solutions.com\/index.php\/produto\/ix2-air-camera-termica-sem-fio-para-dispositivos-inteligentes\/"},"modified":"2025-05-31T14:57:52","modified_gmt":"2025-05-31T17:57:52","slug":"ix2-air-camera-termica-sem-fio-para-dispositivos-inteligentes","status":"publish","type":"product","link":"https:\/\/amx-solutions.com\/es\/producto\/ix2-air-camera-termica-sem-fio-para-dispositivos-inteligentes\/","title":{"rendered":"IX2 AIR \u2013 C\u00e1mara t\u00e9rmica inal\u00e1mbrica para dispositivos inteligentes"},"content":{"rendered":"<p>Equipado con un detector infrarrojo de alta sensibilidad con resoluci\u00f3n de 256\u00d7192, el IX2 AIR puede combinarse o separarse libremente de un smartphone, seg\u00fan el escenario de uso. Soporta transmisi\u00f3n y operaci\u00f3n de im\u00e1genes de forma inal\u00e1mbrica. Con una aplicaci\u00f3n compatible que permite funciones como an\u00e1lisis y transmisi\u00f3n en tiempo real, el dispositivo se puede utilizar ampliamente en mantenimiento el\u00e9ctrico, inspecci\u00f3n de equipos, detecci\u00f3n de fugas en sistemas HVAC, entre otros.<\/p>","protected":false},"excerpt":{"rendered":"<p>C\u00e1mara t\u00e9rmica inal\u00e1mbrica con medici\u00f3n precisa de temperatura.<\/p>","protected":false},"featured_media":176,"comment_status":"open","ping_status":"closed","template":"","meta":[],"product_brand":[29],"product_cat":[27],"product_tag":[32,45],"class_list":{"0":"post-407","1":"product","2":"type-product","3":"status-publish","4":"has-post-thumbnail","6":"product_brand-raythink","7":"product_cat-cameras-termicas","8":"product_tag-camera-termica","9":"product_tag-camera-termica-no-celular","11":"first","12":"instock","13":"shipping-taxable","14":"product-type-simple"},"_links":{"self":[{"href":"https:\/\/amx-solutions.com\/es\/wp-json\/wp\/v2\/product\/407","targetHints":{"allow":["GET"]}}],"collection":[{"href":"https:\/\/amx-solutions.com\/es\/wp-json\/wp\/v2\/product"}],"about":[{"href":"https:\/\/amx-solutions.com\/es\/wp-json\/wp\/v2\/types\/product"}],"replies":[{"embeddable":true,"href":"https:\/\/amx-solutions.com\/es\/wp-json\/wp\/v2\/comments?post=407"}],"wp:featuredmedia":[{"embeddable":true,"href":"https:\/\/amx-solutions.com\/es\/wp-json\/wp\/v2\/media\/176"}],"wp:attachment":[{"href":"https:\/\/amx-solutions.com\/es\/wp-json\/wp\/v2\/media?parent=407"}],"wp:term":[{"taxonomy":"product_brand","embeddable":true,"href":"https:\/\/amx-solutions.com\/es\/wp-json\/wp\/v2\/product_brand?post=407"},{"taxonomy":"product_cat","embeddable":true,"href":"https:\/\/amx-solutions.com\/es\/wp-json\/wp\/v2\/product_cat?post=407"},{"taxonomy":"product_tag","embeddable":true,"href":"https:\/\/amx-solutions.com\/es\/wp-json\/wp\/v2\/product_tag?post=407"}],"curies":[{"name":"wp","href":"https:\/\/api.w.org\/{rel}","templated":true}]}}