{"id":415,"date":"2025-05-31T12:45:42","date_gmt":"2025-05-31T15:45:42","guid":{"rendered":"https:\/\/amx-solutions.com\/index.php\/produto\/amx300\/"},"modified":"2025-06-04T20:35:03","modified_gmt":"2025-06-04T23:35:03","slug":"amx300","status":"publish","type":"product","link":"https:\/\/amx-solutions.com\/en\/product\/amx300\/","title":{"rendered":"AMX300"},"content":{"rendered":"<p>O AMX300 \u00e9 um radar de fluxo de tr\u00e1fego de longa dist\u00e2ncia de 77 GHz.<br \/>\nProp\u00edcio para melhorar a precis\u00e3o das informa\u00e7\u00f5es de tr\u00e1fego e melhorar significativamente a relev\u00e2ncia e a pontualidade do aviso pr\u00e9vio de tr\u00e1fego inteligente, emitindo micro-ondas em forma de leque para a frente, detectando a reflex\u00e3o do micro-ondas e obtendo as informa\u00e7\u00f5es de funcionamento (comoposi\u00e7\u00e3o, velocidade e situa\u00e7\u00e3o de estacionamento) dos ve\u00edculos na frente.<\/p>","protected":false},"excerpt":{"rendered":"<p>Nanoradar TCR300 millimeter-wave radar sensor, 77GHz, 300M range \u2013 designed for traffic flow monitoring in quarry environments.<\/p>","protected":false},"featured_media":429,"comment_status":"open","ping_status":"closed","template":"","meta":[],"product_brand":[54],"product_cat":[52],"product_tag":[53],"class_list":{"0":"post-415","1":"product","2":"type-product","3":"status-publish","4":"has-post-thumbnail","6":"product_brand-amx","7":"product_cat-radar","8":"product_tag-radar-adas","10":"first","11":"instock","12":"shipping-taxable","13":"product-type-simple"},"_links":{"self":[{"href":"https:\/\/amx-solutions.com\/en\/wp-json\/wp\/v2\/product\/415","targetHints":{"allow":["GET"]}}],"collection":[{"href":"https:\/\/amx-solutions.com\/en\/wp-json\/wp\/v2\/product"}],"about":[{"href":"https:\/\/amx-solutions.com\/en\/wp-json\/wp\/v2\/types\/product"}],"replies":[{"embeddable":true,"href":"https:\/\/amx-solutions.com\/en\/wp-json\/wp\/v2\/comments?post=415"}],"wp:featuredmedia":[{"embeddable":true,"href":"https:\/\/amx-solutions.com\/en\/wp-json\/wp\/v2\/media\/429"}],"wp:attachment":[{"href":"https:\/\/amx-solutions.com\/en\/wp-json\/wp\/v2\/media?parent=415"}],"wp:term":[{"taxonomy":"product_brand","embeddable":true,"href":"https:\/\/amx-solutions.com\/en\/wp-json\/wp\/v2\/product_brand?post=415"},{"taxonomy":"product_cat","embeddable":true,"href":"https:\/\/amx-solutions.com\/en\/wp-json\/wp\/v2\/product_cat?post=415"},{"taxonomy":"product_tag","embeddable":true,"href":"https:\/\/amx-solutions.com\/en\/wp-json\/wp\/v2\/product_tag?post=415"}],"curies":[{"name":"wp","href":"https:\/\/api.w.org\/{rel}","templated":true}]}}