{"id":414,"date":"2025-05-31T12:45:41","date_gmt":"2025-05-31T15:45:41","guid":{"rendered":"https:\/\/amx-solutions.com\/index.php\/produto\/amx75\/"},"modified":"2025-05-31T14:06:54","modified_gmt":"2025-05-31T17:06:54","slug":"amx75","status":"publish","type":"product","link":"https:\/\/amx-solutions.com\/en\/product\/amx75\/","title":{"rendered":"AMX75"},"content":{"rendered":"<p>SR75 \u00e9 um tipo de onda milim\u00e9trica de resposta de ambiente nublado de ponto 4D de alta precis\u00e3o para evitar obst\u00e1culos radar especialmente personalizado para aplica\u00e7\u00e3o em ve\u00edculos de baixa velocidade pela tecnologia AMX.SR75 adota um design de antena especial, adiciona a detec\u00e7\u00e3o e an\u00e1lise de dados dimensionais de altura do alvo, capazes de realizar aquela resposta de informa\u00e7\u00f5es de alta resolu\u00e7\u00e3o em dist\u00e2ncia, velocidade, n\u00edvel e espa\u00e7o 4D inclinado.<\/p>","protected":false},"excerpt":{"rendered":"<p>Nanoradar SR75 4D radar, 77GHz, 40m, ultra-wide 150\u00b0 angle \u2013 4D point cloud radar sensor for low-speed vehicles and ADAS systems.<\/p>","protected":false},"featured_media":432,"comment_status":"open","ping_status":"closed","template":"","meta":[],"product_brand":[],"product_cat":[52],"product_tag":[53],"class_list":{"0":"post-414","1":"product","2":"type-product","3":"status-publish","4":"has-post-thumbnail","6":"product_cat-radar","7":"product_tag-radar-adas","9":"first","10":"instock","11":"shipping-taxable","12":"product-type-simple"},"_links":{"self":[{"href":"https:\/\/amx-solutions.com\/en\/wp-json\/wp\/v2\/product\/414","targetHints":{"allow":["GET"]}}],"collection":[{"href":"https:\/\/amx-solutions.com\/en\/wp-json\/wp\/v2\/product"}],"about":[{"href":"https:\/\/amx-solutions.com\/en\/wp-json\/wp\/v2\/types\/product"}],"replies":[{"embeddable":true,"href":"https:\/\/amx-solutions.com\/en\/wp-json\/wp\/v2\/comments?post=414"}],"wp:featuredmedia":[{"embeddable":true,"href":"https:\/\/amx-solutions.com\/en\/wp-json\/wp\/v2\/media\/432"}],"wp:attachment":[{"href":"https:\/\/amx-solutions.com\/en\/wp-json\/wp\/v2\/media?parent=414"}],"wp:term":[{"taxonomy":"product_brand","embeddable":true,"href":"https:\/\/amx-solutions.com\/en\/wp-json\/wp\/v2\/product_brand?post=414"},{"taxonomy":"product_cat","embeddable":true,"href":"https:\/\/amx-solutions.com\/en\/wp-json\/wp\/v2\/product_cat?post=414"},{"taxonomy":"product_tag","embeddable":true,"href":"https:\/\/amx-solutions.com\/en\/wp-json\/wp\/v2\/product_tag?post=414"}],"curies":[{"name":"wp","href":"https:\/\/api.w.org\/{rel}","templated":true}]}}