{"id":411,"date":"2025-05-31T12:45:40","date_gmt":"2025-05-31T15:45:40","guid":{"rendered":"https:\/\/amx-solutions.com\/index.php\/produto\/at31-camera-termica-com-foco-motorizado\/"},"modified":"2025-05-31T14:34:15","modified_gmt":"2025-05-31T17:34:15","slug":"at31-camera-termica-com-foco-motorizado","status":"publish","type":"product","link":"https:\/\/amx-solutions.com\/en\/product\/at31-camera-termica-com-foco-motorizado\/","title":{"rendered":"AT31 \u2013 Thermal Camera with Motorized Focus"},"content":{"rendered":"<p>The AT31 is a high-performance, high-precision thermal camera with electric focus, featuring an uncooled FPA infrared detector and multiple lens options. The device supports various protocols such as RTSP, ONVIF, and GB28181. It comes equipped with professional temperature measurement analysis software and an SDK that facilitates system integration. It is suitable for temperature monitoring and imaging in electronic circuits, scientific research,<br \/>\nautoma\u00e7\u00e3o industrial e outros campos de aplica\u00e7\u00e3o.<\/p>","protected":false},"excerpt":{"rendered":"<p>High-performance, high-precision thermal camera with electric focus.<\/p>","protected":false},"featured_media":440,"comment_status":"open","ping_status":"closed","template":"","meta":[],"product_brand":[54],"product_cat":[27],"product_tag":[47],"class_list":{"0":"post-411","1":"product","2":"type-product","3":"status-publish","4":"has-post-thumbnail","6":"product_brand-amx","7":"product_cat-cameras-termicas","8":"product_tag-camera-termica-fixa","10":"first","11":"instock","12":"shipping-taxable","13":"product-type-simple"},"_links":{"self":[{"href":"https:\/\/amx-solutions.com\/en\/wp-json\/wp\/v2\/product\/411","targetHints":{"allow":["GET"]}}],"collection":[{"href":"https:\/\/amx-solutions.com\/en\/wp-json\/wp\/v2\/product"}],"about":[{"href":"https:\/\/amx-solutions.com\/en\/wp-json\/wp\/v2\/types\/product"}],"replies":[{"embeddable":true,"href":"https:\/\/amx-solutions.com\/en\/wp-json\/wp\/v2\/comments?post=411"}],"wp:featuredmedia":[{"embeddable":true,"href":"https:\/\/amx-solutions.com\/en\/wp-json\/wp\/v2\/media\/440"}],"wp:attachment":[{"href":"https:\/\/amx-solutions.com\/en\/wp-json\/wp\/v2\/media?parent=411"}],"wp:term":[{"taxonomy":"product_brand","embeddable":true,"href":"https:\/\/amx-solutions.com\/en\/wp-json\/wp\/v2\/product_brand?post=411"},{"taxonomy":"product_cat","embeddable":true,"href":"https:\/\/amx-solutions.com\/en\/wp-json\/wp\/v2\/product_cat?post=411"},{"taxonomy":"product_tag","embeddable":true,"href":"https:\/\/amx-solutions.com\/en\/wp-json\/wp\/v2\/product_tag?post=411"}],"curies":[{"name":"wp","href":"https:\/\/api.w.org\/{rel}","templated":true}]}}