{"id":410,"date":"2025-05-31T12:45:39","date_gmt":"2025-05-31T15:45:39","guid":{"rendered":"https:\/\/amx-solutions.com\/index.php\/produto\/rs600-camera-termica-topo-de-linha\/"},"modified":"2025-05-31T14:41:03","modified_gmt":"2025-05-31T17:41:03","slug":"rs600-camera-termica-topo-de-linha","status":"publish","type":"product","link":"https:\/\/amx-solutions.com\/en\/product\/rs600-camera-termica-topo-de-linha\/","title":{"rendered":"RS600 \u2013 High-End Thermal Camera"},"content":{"rendered":"<p>Equipado com um detector de 12\u00b5m de nova gera\u00e7\u00e3o com sensibilidade t\u00e9rmica de at\u00e9 25 mK, a c\u00e2mera t\u00e9rmica RS600 pode apresentar imagens t\u00e9rmicas mais delicadas e n\u00edtidas. Baseado no sistema operacional Android e hardware inteligente integrado, o dispositivo permite diversas fun\u00e7\u00f5es profissionais e inteligentes, como an\u00e1lise de tend\u00eancias, lente de diafragma vari\u00e1vel, 25 pontos, linhas e \u00e1reas, congelamento de imagem, estabiliza\u00e7\u00e3o el\u00e9trica inteligente de imagem (EIS) e tela sens\u00edvel ao toque de 5,5 polegadas.<\/p>\n<p>&nbsp;<\/p>\n<p>&nbsp;<\/p>","protected":false},"excerpt":{"rendered":"<p>Sharp thermal images, multiple lenses, and fast focus with intelligent analysis.<\/p>","protected":false},"featured_media":444,"comment_status":"open","ping_status":"closed","template":"","meta":[],"product_brand":[29],"product_cat":[27],"product_tag":[46],"class_list":{"0":"post-410","1":"product","2":"type-product","3":"status-publish","4":"has-post-thumbnail","6":"product_brand-raythink","7":"product_cat-cameras-termicas","8":"product_tag-camera-termica-portatil","10":"first","11":"instock","12":"shipping-taxable","13":"product-type-simple"},"_links":{"self":[{"href":"https:\/\/amx-solutions.com\/en\/wp-json\/wp\/v2\/product\/410","targetHints":{"allow":["GET"]}}],"collection":[{"href":"https:\/\/amx-solutions.com\/en\/wp-json\/wp\/v2\/product"}],"about":[{"href":"https:\/\/amx-solutions.com\/en\/wp-json\/wp\/v2\/types\/product"}],"replies":[{"embeddable":true,"href":"https:\/\/amx-solutions.com\/en\/wp-json\/wp\/v2\/comments?post=410"}],"wp:featuredmedia":[{"embeddable":true,"href":"https:\/\/amx-solutions.com\/en\/wp-json\/wp\/v2\/media\/444"}],"wp:attachment":[{"href":"https:\/\/amx-solutions.com\/en\/wp-json\/wp\/v2\/media?parent=410"}],"wp:term":[{"taxonomy":"product_brand","embeddable":true,"href":"https:\/\/amx-solutions.com\/en\/wp-json\/wp\/v2\/product_brand?post=410"},{"taxonomy":"product_cat","embeddable":true,"href":"https:\/\/amx-solutions.com\/en\/wp-json\/wp\/v2\/product_cat?post=410"},{"taxonomy":"product_tag","embeddable":true,"href":"https:\/\/amx-solutions.com\/en\/wp-json\/wp\/v2\/product_tag?post=410"}],"curies":[{"name":"wp","href":"https:\/\/api.w.org\/{rel}","templated":true}]}}